{"id":386,"date":"2016-11-04T08:33:46","date_gmt":"2016-11-04T11:33:46","guid":{"rendered":"https:\/\/semat.ci.ifes.edu.br\/?page_id=386"},"modified":"2026-01-30T11:30:49","modified_gmt":"2026-01-30T14:30:49","slug":"localizacao-apresentacao-de-trabalhos","status":"publish","type":"page","link":"https:\/\/semat.cachoeiro.ifes.edu.br\/index.php\/localizacao-apresentacao-de-trabalhos\/","title":{"rendered":"Locais de Apresenta\u00e7\u00e3o"},"content":{"rendered":"<p>Em constru\u00e7\u00e3o.<\/p>\n<p>&nbsp;<\/p>\n<p>&nbsp;<\/p>\n<div id=\"gtx-trans\" style=\"position: absolute; left: -3px; top: -4px;\">\n<div class=\"gtx-trans-icon\"><\/div>\n<\/div>\n","protected":false},"excerpt":{"rendered":"<p>Em constru\u00e7\u00e3o. &nbsp; &nbsp;<\/p>\n","protected":false},"author":1,"featured_media":0,"parent":0,"menu_order":0,"comment_status":"closed","ping_status":"closed","template":"","meta":[],"_links":{"self":[{"href":"https:\/\/semat.cachoeiro.ifes.edu.br\/index.php\/wp-json\/wp\/v2\/pages\/386"}],"collection":[{"href":"https:\/\/semat.cachoeiro.ifes.edu.br\/index.php\/wp-json\/wp\/v2\/pages"}],"about":[{"href":"https:\/\/semat.cachoeiro.ifes.edu.br\/index.php\/wp-json\/wp\/v2\/types\/page"}],"author":[{"embeddable":true,"href":"https:\/\/semat.cachoeiro.ifes.edu.br\/index.php\/wp-json\/wp\/v2\/users\/1"}],"replies":[{"embeddable":true,"href":"https:\/\/semat.cachoeiro.ifes.edu.br\/index.php\/wp-json\/wp\/v2\/comments?post=386"}],"version-history":[{"count":13,"href":"https:\/\/semat.cachoeiro.ifes.edu.br\/index.php\/wp-json\/wp\/v2\/pages\/386\/revisions"}],"predecessor-version":[{"id":786,"href":"https:\/\/semat.cachoeiro.ifes.edu.br\/index.php\/wp-json\/wp\/v2\/pages\/386\/revisions\/786"}],"wp:attachment":[{"href":"https:\/\/semat.cachoeiro.ifes.edu.br\/index.php\/wp-json\/wp\/v2\/media?parent=386"}],"curies":[{"name":"wp","href":"https:\/\/api.w.org\/{rel}","templated":true}]}}